{"id":2996,"date":"2023-01-12T21:14:48","date_gmt":"2023-01-12T21:14:48","guid":{"rendered":"https:\/\/gaiaci.net\/?page_id=2996"},"modified":"2023-01-12T21:14:52","modified_gmt":"2023-01-12T21:14:52","slug":"a-propos-de-nous","status":"publish","type":"page","link":"https:\/\/gaiaci.net\/fr\/a-propos-de-nous\/","title":{"rendered":"\u00c0 propos de nous"},"content":{"rendered":"<div class=\"wp-block-columns is-layout-flex wp-container-core-columns-is-layout-28f84493 wp-block-columns-is-layout-flex\">\n<div class=\"wp-block-column is-layout-flow wp-block-column-is-layout-flow\">\n<blockquote class=\"wp-block-quote is-style-large is-layout-flow wp-block-quote-is-layout-flow\">\n<p><strong>MISSION<\/strong><\/p>\n\n\n\n<p>La mission de GAIA C\u00f4te d\u2019Ivoire est d\u2019offrir aux citoyens ivoiriens une exp\u00e9rience de vie de la plus haute qualit\u00e9 \u00e0 des prix abordables. Nous souhaitons offrir un nouveau style de vie, y compris un design prim\u00e9, des installations familiales, le culte, l\u2019\u00e9ducation et le magasinage, le tout en un seul endroit.<\/p>\n<\/blockquote>\n<\/div>\n\n\n\n<div class=\"wp-block-column is-layout-flow wp-block-column-is-layout-flow\" style=\"flex-basis:33%\">\n<figure class=\"wp-block-image size-full is-style-rounded\"><img loading=\"lazy\" decoding=\"async\" width=\"770\" height=\"494\" src=\"https:\/\/gaiaci.net\/wp-content\/uploads\/2022\/10\/misyon.jpg\" alt=\"\" class=\"wp-image-2547\" srcset=\"https:\/\/gaiaci.net\/wp-content\/uploads\/2022\/10\/misyon.jpg 770w, https:\/\/gaiaci.net\/wp-content\/uploads\/2022\/10\/misyon-300x192.jpg 300w, https:\/\/gaiaci.net\/wp-content\/uploads\/2022\/10\/misyon-768x493.jpg 768w\" sizes=\"auto, (max-width: 770px) 100vw, 770px\" \/><\/figure>\n<\/div>\n<\/div>\n\n\n\n<div style=\"height:100px\" aria-hidden=\"true\" class=\"wp-block-spacer\"><\/div>\n\n\n\n<div class=\"wp-block-columns is-layout-flex wp-container-core-columns-is-layout-28f84493 wp-block-columns-is-layout-flex\">\n<div class=\"wp-block-column is-layout-flow wp-block-column-is-layout-flow\" style=\"flex-basis:33%\">\n<figure class=\"wp-block-image size-large is-style-rounded\"><img loading=\"lazy\" decoding=\"async\" width=\"1024\" height=\"746\" src=\"https:\/\/gaiaci.net\/wp-content\/uploads\/2022\/10\/BEC-Core-Values-1024x746.png\" alt=\"\" class=\"wp-image-2549\" srcset=\"https:\/\/gaiaci.net\/wp-content\/uploads\/2022\/10\/BEC-Core-Values-1024x746.png 1024w, https:\/\/gaiaci.net\/wp-content\/uploads\/2022\/10\/BEC-Core-Values-300x219.png 300w, https:\/\/gaiaci.net\/wp-content\/uploads\/2022\/10\/BEC-Core-Values-768x560.png 768w, https:\/\/gaiaci.net\/wp-content\/uploads\/2022\/10\/BEC-Core-Values.png 1092w\" sizes=\"auto, (max-width: 1024px) 100vw, 1024px\" \/><\/figure>\n<\/div>\n\n\n\n<div class=\"wp-block-column is-layout-flow wp-block-column-is-layout-flow\">\n<p class=\"has-large-font-size\"><strong>VALEURS FONDAMENTALES<\/strong><\/p>\n\n\n\n<p class=\"has-large-font-size\"><em>Les valeurs fondamentales de GAIA C\u00d4TE D\u2019IVOIRE sont entour\u00e9es de concepts simples et \u00e9prouv\u00e9s depuis longtemps, notamment\u00a0<\/em>:<\/p>\n\n\n\n<ol class=\"has-large-font-size wp-block-list\">\n<li><em><strong>Excellence\u00a0: <\/strong>Nous nous effor\u00e7ons de fournir la meilleure qualit\u00e9 de construction de maison \u00e0 des prix abordables<\/em><\/li>\n\n\n\n<li><em><strong>Respect\u00a0:<\/strong> En comprenant les besoins de nos propri\u00e9taires, nous offrons une exp\u00e9rience de vie compl\u00e8te. Une maison est une maison, et cette maison est int\u00e9gr\u00e9e dans un style de vie complet. Nous essayons de livrer ces exp\u00e9riences avec le plein respect pour nos propri\u00e9taires.<\/em><\/li>\n\n\n\n<li><em><strong>Responsabilit\u00e9<\/strong>\u00a0: Nous sommes responsables de notre travail et de nos relations avec les propri\u00e9taires<\/em>.<\/li>\n<\/ol>\n\n\n\n<p class=\"has-normal-font-size\"><strong><em>Nous demeurons responsables de notre comportement, de nos communications et de nos actions.<\/em><\/strong><\/p>\n\n\n\n<p><\/p>\n\n\n\n<p><\/p>\n<\/div>\n<\/div>\n\n\n\n<div class=\"wp-block-columns is-layout-flex wp-container-core-columns-is-layout-28f84493 wp-block-columns-is-layout-flex\">\n<div class=\"wp-block-column is-layout-flow wp-block-column-is-layout-flow\">\n<blockquote class=\"wp-block-quote is-style-large is-layout-flow wp-block-quote-is-layout-flow\" style=\"font-style:normal;font-weight:700\">\n<p><\/p>\n\n\n\n<p><strong>L\u2019\u00e9quipe de GAIA C\u00f4te d\u2019Ivoire est de classe mondiale<\/strong><\/p>\n<\/blockquote>\n\n\n\n<ul class=\"has-large-font-size wp-block-list\">\n<li><strong><em>Grande exp\u00e9rience dans la r\u00e9alisation de projets de construction<\/em><\/strong><\/li>\n\n\n\n<li><strong><em>Meilleur Architectes et concepteurs<\/em><\/strong><\/li>\n\n\n\n<li><strong><em>Gestionnaires de projet qui respectent les d\u00e9lais et le budget<\/em><\/strong><\/li>\n\n\n\n<li><strong><em>Une \u00e9quipe des communications qui vous tient au courant<\/em><\/strong><\/li>\n\n\n\n<li><em><strong>Une \u00e9quipe qui comprend les besoins et les exigences du propri\u00e9taire<\/strong><\/em><\/li>\n<\/ul>\n<\/div>\n\n\n\n<div class=\"wp-block-column is-layout-flow wp-block-column-is-layout-flow\" style=\"flex-basis:33%\">\n<figure class=\"wp-block-image size-full is-resized is-style-rounded\"><img loading=\"lazy\" decoding=\"async\" src=\"https:\/\/gaiaci.net\/wp-content\/uploads\/2022\/10\/6-Task-Management-tips.png\" alt=\"\" class=\"wp-image-2558\" width=\"414\" height=\"207\" srcset=\"https:\/\/gaiaci.net\/wp-content\/uploads\/2022\/10\/6-Task-Management-tips.png 750w, https:\/\/gaiaci.net\/wp-content\/uploads\/2022\/10\/6-Task-Management-tips-300x150.png 300w\" sizes=\"auto, (max-width: 414px) 100vw, 414px\" \/><\/figure>\n<\/div>\n<\/div>\n\n\n\n<div style=\"height:100px\" aria-hidden=\"true\" class=\"wp-block-spacer\"><\/div>\n\n\n\n<h2 class=\"wp-block-heading\">VISION<\/h2>\n\n\n\n<div class=\"wp-block-columns is-layout-flex wp-container-core-columns-is-layout-28f84493 wp-block-columns-is-layout-flex\">\n<div class=\"wp-block-column is-layout-flow wp-block-column-is-layout-flow\" style=\"flex-basis:33%\">\n<figure class=\"wp-block-image size-full is-style-rounded\"><img loading=\"lazy\" decoding=\"async\" width=\"1023\" height=\"682\" src=\"https:\/\/gaiaci.net\/wp-content\/uploads\/2022\/10\/depositphotos_35261859-stock-photo-compass-vision.jpg\" alt=\"\" class=\"wp-image-2548\" srcset=\"https:\/\/gaiaci.net\/wp-content\/uploads\/2022\/10\/depositphotos_35261859-stock-photo-compass-vision.jpg 1023w, https:\/\/gaiaci.net\/wp-content\/uploads\/2022\/10\/depositphotos_35261859-stock-photo-compass-vision-300x200.jpg 300w, https:\/\/gaiaci.net\/wp-content\/uploads\/2022\/10\/depositphotos_35261859-stock-photo-compass-vision-768x512.jpg 768w\" sizes=\"auto, (max-width: 1023px) 100vw, 1023px\" \/><\/figure>\n<\/div>\n\n\n\n<div class=\"wp-block-column is-layout-flow wp-block-column-is-layout-flow\">\n<p class=\"has-large-font-size\"><em>La vision de GAIA C\u00d4TE D\u2019IVOIRE est d\u2019offrir l\u2019exp\u00e9rience de vie la plus exceptionnelle \u00e0 tous les citoyens de la C\u00f4te d\u2019Ivoire. Un nouveau concept de vie\u00a0 int\u00e9grant les logements les plus luxueux avec des espaces verts ext\u00e9rieurs, des installations sportives, des magasins de premier choix, des \u00e9coles, des lieux de culte, le plus grand Mall de l\u2019Afrique de l\u2019ouest permet \u00e0 GAIA C\u00d4TE D\u2019IVOIRE d\u2019introduire ces concepts dans le cadre de son vaste projet \u00e0 Bingerville.<\/em><\/p>\n\n\n\n<p class=\"has-large-font-size\"><em>Cette qualit\u00e9 exceptionnelle vise \u00e0 aider \u00e0 fournir des logements abordables aux citoyens de la C\u00f4te d\u2019Ivoire alors que le pays prend de l\u2019expansion et conna\u00eet une croissance \u00e9conomique remarquable.<\/em><\/p>\n\n\n\n<p class=\"has-large-font-size\"><em>La vision de GAIA C\u00d4TE D\u2019IVOIRE est de faire partie de ce succ\u00e8s et de cette croissance pour la population du pays.<\/em><\/p>\n<\/div>\n<\/div>\n\n\n\n<div class=\"section-wrapper\" data-id=\"2komDN\"><section class=\"wp-block-gutenverse-section guten-element guten-section guten-2komDN layout-boxed align-stretch\"><div class=\"guten-background-overlay\"><\/div><div class=\"guten-shape-divider guten-shape-divider-top\"><\/div><div class=\"guten-shape-divider guten-shape-divider-bottom\"><\/div><div class=\"guten-container guten-column-gap-no\">\n<div class=\"wp-block-gutenverse-column guten-element guten-column guten-ny22d0\"><div class=\"guten-background-overlay\"><\/div><div class=\"sticky-wrapper\" data-id=\"ny22d0\"><div class=\"guten-column-wrapper\">\n<div class=\"section-wrapper\" data-id=\"KdsATQ\"><section class=\"wp-block-gutenverse-section guten-element guten-section guten-KdsATQ layout-boxed align-stretch\"><div class=\"guten-background-overlay\"><\/div><div class=\"guten-shape-divider guten-shape-divider-top\"><\/div><div class=\"guten-shape-divider guten-shape-divider-bottom\"><\/div><div class=\"guten-container guten-column-gap-no\">\n<div class=\"wp-block-gutenverse-column guten-element guten-column guten-tesLDN\"><div class=\"guten-background-overlay\"><\/div><div class=\"sticky-wrapper\" data-id=\"tesLDN\"><div class=\"guten-column-wrapper\">\n\n\n<p class=\"has-large-font-size\"> <strong>GAIA C\u00f4te d\u2019Ivoire<\/strong><\/p>\n\n\n\n<div class=\"guten-element gutenverse-text-editor guten-DrrAQb\"><div class=\"text-content-inner\">\n<p class=\"has-white-color has-text-color\">Trouvez la maison de vos r\u00eaves avec les prix minimum uniquement \u00e0 RIYADH CITY \u2013 GAIA C\u00f4te d\u2019Ivoire<\/p>\n<\/div><\/div>\n\n\n\n<div class=\"guten-element guten-social-icons guten-xQ8gj8 circle horizontal custom\">\n<div class=\"guten-element guten-social-icon guten-NdXvcs facebook\"><a id=\"guten-NdXvcs\" href=\"https:\/\/www.facebook.com\/profile.php?id=100087295482121\"><i class=\"fab fa-facebook-f\"><\/i><span><\/span><\/a><\/div>\n\n\n\n<div class=\"guten-element guten-social-icon guten-IZAd74 twitter\"><a id=\"guten-IZAd74\" href=\"https:\/\/twitter.com\/alriyadhcityci\"><i class=\"fab fa-twitter\"><\/i><span><\/span><\/a><\/div>\n\n\n\n<div class=\"guten-element guten-social-icon guten-2iRJ2L instagram\"><a id=\"guten-2iRJ2L\" href=\"https:\/\/www.instagram.com\/alriyadhcityci\"><i class=\"fab fa-instagram\"><\/i><span><\/span><\/a><\/div>\n\n\n\n<div class=\"guten-element guten-social-icon guten-RX6MwD link\"><a id=\"guten-RX6MwD\" href=\"http:\/\/www.linkedin.com\/in\/alriyadh-city-27a54a255\"><i class=\"fab fa-linkedin\"><\/i><span><\/span><\/a><\/div>\n\n\n\n<div class=\"guten-element guten-social-icon guten-oui9qj youtube\"><a id=\"guten-oui9qj\" href=\"https:\/\/youtube.com\/channel\/UCMokM4Cj15sOMlb1GkmHA_w\"><i class=\"gtn gtn-youtube-v-light\"><\/i><span><\/span><\/a><\/div>\n<\/div>\n<\/div><\/div><\/div>\n\n\n\n<div class=\"wp-block-gutenverse-column guten-element guten-column guten-RAssi1\"><div class=\"guten-background-overlay\"><\/div><div class=\"sticky-wrapper\" data-id=\"RAssi1\"><div class=\"guten-column-wrapper\">\n<h4 class=\"wp-block-gutenverse-heading guten-element guten-qAjwcF\">Dernier Projets<\/h4>\n\n\n\n<div class=\"guten-element guten-gallery guten-YfB2NC layout-overlay grid-desktop-3 grid-tablet-2 grid-mobile-2\" data-grid=\"grid\"><div class=\"gutenverse-popup-gallery hidden\"><div class=\"gallery-header\"><div class=\"left-header\"><\/div><div class=\"right-header\"><svg xmlns=\"http:\/\/www.w3.org\/2000\/svg\" width=\"24\" height=\"24\" viewbox=\"0 0 24 24\" fill=\"none\" stroke=\"currentColor\" stroke-width=\"2\" stroke-linecap=\"round\" stroke-linejoin=\"round\" class=\"icon-fullscreen\"><path d=\"M8 3H5a2 2 0 0 0-2 2v3m18 0V5a2 2 0 0 0-2-2h-3m0 18h3a2 2 0 0 0 2-2v-3M3 16v3a2 2 0 0 0 2 2h3\"><\/path><\/svg><svg xmlns=\"http:\/\/www.w3.org\/2000\/svg\" width=\"24\" height=\"24\" viewbox=\"0 0 24 24\" fill=\"none\" stroke=\"currentColor\" stroke-width=\"2\" stroke-linecap=\"round\" stroke-linejoin=\"round\" class=\"icon-minimize hidden\"><path d=\"M8 3v3a2 2 0 0 1-2 2H3m18 0h-3a2 2 0 0 1-2-2V3m0 18v-3a2 2 0 0 1 2-2h3M3 16h3a2 2 0 0 1 2 2v3\"><\/path><\/svg><svg xmlns=\"http:\/\/www.w3.org\/2000\/svg\" width=\"24\" height=\"24\" viewbox=\"0 0 24 24\" fill=\"none\" stroke=\"currentColor\" stroke-width=\"2\" stroke-linecap=\"round\" stroke-linejoin=\"round\" class=\"icon-zoom\"><circle cx=\"11\" cy=\"11\" r=\"8\"><\/circle><line x1=\"21\" y1=\"21\" x2=\"16.65\" y2=\"16.65\"><\/line><line x1=\"11\" y1=\"8\" x2=\"11\" y2=\"14\"><\/line><line x1=\"8\" y1=\"11\" x2=\"14\" y2=\"11\"><\/line><\/svg><svg xmlns=\"http:\/\/www.w3.org\/2000\/svg\" width=\"24\" height=\"24\" viewbox=\"0 0 24 24\" fill=\"none\" stroke=\"currentColor\" stroke-width=\"2\" stroke-linecap=\"round\" stroke-linejoin=\"round\" class=\"icon-close\"><line x1=\"18\" y1=\"6\" x2=\"6\" y2=\"18\"><\/line><line x1=\"6\" y1=\"6\" x2=\"18\" y2=\"18\"><\/line><\/svg><\/div><\/div><div class=\"gallery-body\"><div class=\"images\"><div id=\"guten-YfB2NC\" class=\"swiper-container\"><div class=\"swiper-wrapper\"><div class=\"swiper-slide image-list\"><div class=\"content-image swiper-zoom-container\"><img decoding=\"async\" class=\"main-image\" src=\"https:\/\/gaiaci.net\/wp-content\/uploads\/2022\/10\/WhatsApp-Image-2022-09-26-at-6.16.46-PM-3.jpeg\"\/><\/div><\/div><div class=\"swiper-slide image-list\"><div class=\"content-image swiper-zoom-container\"><img decoding=\"async\" class=\"main-image\" src=\"https:\/\/gaiaci.net\/wp-content\/uploads\/2022\/10\/WhatsApp-Image-2022-09-26-at-6.16.46-PM.jpeg\"\/><\/div><\/div><div class=\"swiper-slide image-list\"><div class=\"content-image swiper-zoom-container\"><img decoding=\"async\" class=\"main-image\" src=\"https:\/\/gaiaci.net\/wp-content\/uploads\/2022\/10\/WhatsApp-Image-2022-09-26-at-6.16.49-PM-1.jpeg\"\/><\/div><\/div><div class=\"swiper-slide image-list\"><div class=\"content-image swiper-zoom-container\"><img decoding=\"async\" class=\"main-image\" src=\"https:\/\/gaiaci.net\/wp-content\/uploads\/2022\/10\/11.png\"\/><\/div><\/div><div class=\"swiper-slide image-list\"><div class=\"content-image swiper-zoom-container\"><img decoding=\"async\" class=\"main-image\" src=\"https:\/\/gaiaci.net\/wp-content\/uploads\/2022\/10\/c8c5ad10-0d36-4155-acd6-9eaaba73e85e.png\"\/><\/div><\/div><div class=\"swiper-slide image-list\"><div class=\"content-image swiper-zoom-container\"><img decoding=\"async\" class=\"main-image\" src=\"https:\/\/gaiaci.net\/wp-content\/uploads\/2022\/10\/356aa98d-7698-4f7c-a167-186568cefa54.png\"\/><\/div><\/div><\/div><div class=\"swiper-button-prev\"><\/div><div class=\"swiper-button-next\"><\/div><\/div><\/div><\/div><\/div><div class=\"gallery-items\" data-loaded=\"6\" data-max=\"6\"><div class=\"gallery-item-wrap\" data-index=\"0\" data-control=\"One\"><div class=\"grid-item\"><div class=\"thumbnail-wrap\"><img decoding=\"async\" src=\"https:\/\/gaiaci.net\/wp-content\/uploads\/2022\/10\/WhatsApp-Image-2022-09-26-at-6.16.46-PM-3.jpeg\"\/><div class=\"caption-wrap style-overlay overlay-overlay animated fade-in\"><div class=\"item-hover-bg\"><\/div><div class=\"item-caption-over\"><h5 class=\"item-title\"><\/h5><div class=\"item-content\"><\/div><div class=\"item-buttons\"><div class=\"gallery-link zoom\"><span class=\"item-icon-inner\"><i class=\"\" aria-hidden=\"true\"><\/i><\/span><\/div><a href=\"\" class=\"gallery-link link\"><span class=\"item-icon-inner\"><i class=\"\" aria-hidden=\"true\"><\/i><\/span><\/a><\/div><\/div><div class=\"caption-head\"><\/div><\/div><\/div><\/div><\/div><div class=\"gallery-item-wrap\" data-index=\"1\" data-control=\"Two\"><div class=\"grid-item\"><div class=\"thumbnail-wrap\"><img decoding=\"async\" src=\"https:\/\/gaiaci.net\/wp-content\/uploads\/2022\/10\/WhatsApp-Image-2022-09-26-at-6.16.46-PM.jpeg\"\/><div class=\"caption-wrap style-overlay overlay-overlay animated fade-in\"><div class=\"item-hover-bg\"><\/div><div class=\"item-caption-over\"><h5 class=\"item-title\"><\/h5><div class=\"item-content\"><\/div><div class=\"item-buttons\"><div class=\"gallery-link zoom\"><span class=\"item-icon-inner\"><i class=\"\" aria-hidden=\"true\"><\/i><\/span><\/div><a href=\"\" class=\"gallery-link link\"><span class=\"item-icon-inner\"><i class=\"\" aria-hidden=\"true\"><\/i><\/span><\/a><\/div><\/div><div class=\"caption-head\"><\/div><\/div><\/div><\/div><\/div><div class=\"gallery-item-wrap\" data-index=\"2\" data-control=\"Three\"><div class=\"grid-item\"><div class=\"thumbnail-wrap\"><img decoding=\"async\" src=\"https:\/\/gaiaci.net\/wp-content\/uploads\/2022\/10\/WhatsApp-Image-2022-09-26-at-6.16.49-PM-1.jpeg\"\/><div class=\"caption-wrap style-overlay overlay-overlay animated fade-in\"><div class=\"item-hover-bg\"><\/div><div class=\"item-caption-over\"><h5 class=\"item-title\"><\/h5><div class=\"item-content\"><\/div><div class=\"item-buttons\"><div class=\"gallery-link zoom\"><span class=\"item-icon-inner\"><i class=\"\" aria-hidden=\"true\"><\/i><\/span><\/div><a href=\"\" class=\"gallery-link link\"><span class=\"item-icon-inner\"><i class=\"\" aria-hidden=\"true\"><\/i><\/span><\/a><\/div><\/div><div class=\"caption-head\"><\/div><\/div><\/div><\/div><\/div><div class=\"gallery-item-wrap\" data-index=\"3\" data-control=\"Four\"><div class=\"grid-item\"><div class=\"thumbnail-wrap\"><img decoding=\"async\" src=\"https:\/\/gaiaci.net\/wp-content\/uploads\/2022\/10\/11.png\"\/><div class=\"caption-wrap style-overlay overlay-overlay animated fade-in\"><div class=\"item-hover-bg\"><\/div><div class=\"item-caption-over\"><h5 class=\"item-title\"><\/h5><div class=\"item-content\"><\/div><div class=\"item-buttons\"><div class=\"gallery-link zoom\"><span class=\"item-icon-inner\"><i class=\"\" aria-hidden=\"true\"><\/i><\/span><\/div><a href=\"\" class=\"gallery-link link\"><span class=\"item-icon-inner\"><i class=\"\" aria-hidden=\"true\"><\/i><\/span><\/a><\/div><\/div><div class=\"caption-head\"><\/div><\/div><\/div><\/div><\/div><div class=\"gallery-item-wrap\" data-index=\"4\" data-control=\"Five\"><div class=\"grid-item\"><div class=\"thumbnail-wrap\"><img decoding=\"async\" src=\"https:\/\/gaiaci.net\/wp-content\/uploads\/2022\/10\/c8c5ad10-0d36-4155-acd6-9eaaba73e85e.png\"\/><div class=\"caption-wrap style-overlay overlay-overlay animated fade-in\"><div class=\"item-hover-bg\"><\/div><div class=\"item-caption-over\"><h5 class=\"item-title\"><\/h5><div class=\"item-content\"><\/div><div class=\"item-buttons\"><div class=\"gallery-link zoom\"><span class=\"item-icon-inner\"><i class=\"\" aria-hidden=\"true\"><\/i><\/span><\/div><a href=\"\" class=\"gallery-link link\"><span class=\"item-icon-inner\"><i class=\"\" aria-hidden=\"true\"><\/i><\/span><\/a><\/div><\/div><div class=\"caption-head\"><\/div><\/div><\/div><\/div><\/div><div class=\"gallery-item-wrap\" data-index=\"5\" data-control=\"Six\"><div class=\"grid-item\"><div class=\"thumbnail-wrap\"><img decoding=\"async\" src=\"https:\/\/gaiaci.net\/wp-content\/uploads\/2022\/10\/356aa98d-7698-4f7c-a167-186568cefa54.png\"\/><div class=\"caption-wrap style-overlay overlay-overlay animated fade-in\"><div class=\"item-hover-bg\"><\/div><div class=\"item-caption-over\"><h5 class=\"item-title\"><\/h5><div class=\"item-content\"><\/div><div class=\"item-buttons\"><div class=\"gallery-link zoom\"><span class=\"item-icon-inner\"><i class=\"\" aria-hidden=\"true\"><\/i><\/span><\/div><a href=\"\" class=\"gallery-link link\"><span class=\"item-icon-inner\"><i class=\"\" aria-hidden=\"true\"><\/i><\/span><\/a><\/div><\/div><div class=\"caption-head\"><\/div><\/div><\/div><\/div><\/div><\/div><\/div>\n<\/div><\/div><\/div>\n<\/div><\/section><\/div>\n\n\n\n<div class=\"wp-block-gutenverse-divider guten-element guten-divider guten-azjT0Z\"><div class=\"guten-divider-wrapper\"><div class=\"guten-divider-default guten-divider-line guten-divider-regular\"><\/div><\/div><\/div>\n\n\n\n<div class=\"section-wrapper\" data-id=\"dnc1OC\"><section class=\"wp-block-gutenverse-section guten-element guten-section guten-dnc1OC layout-boxed align-stretch\"><div class=\"guten-background-overlay\"><\/div><div class=\"guten-shape-divider guten-shape-divider-top\"><\/div><div class=\"guten-shape-divider guten-shape-divider-bottom\"><\/div><div class=\"guten-container guten-column-gap-no\">\n<div class=\"wp-block-gutenverse-column guten-element guten-column guten-xpw1eN\"><div class=\"guten-background-overlay\"><\/div><div class=\"sticky-wrapper\" data-id=\"xpw1eN\"><div class=\"guten-column-wrapper\">\n<div class=\"guten-element gutenverse-text-editor guten-ZVsZIs\"><div class=\"text-content-inner\">\n<p>IRIYADH CITY \u2013 GAIA C\u00f4te d\u2019Ivoire<\/p>\n<\/div><\/div>\n<\/div><\/div><\/div>\n\n\n\n<div class=\"wp-block-gutenverse-column guten-element guten-column guten-wePsnC\"><div class=\"guten-background-overlay\"><\/div><div class=\"sticky-wrapper\" data-id=\"wePsnC\"><div class=\"guten-column-wrapper\">\n<div class=\"guten-element gutenverse-text-editor guten-OSD6AJ\"><div class=\"text-content-inner\">\n<p>Copyright \u00a9 2022. All rights reserved.<\/p>\n<\/div><\/div>\n<\/div><\/div><\/div>\n<\/div><\/section><\/div>\n<\/div><\/div><\/div>\n<\/div><\/section><\/div>","protected":false},"excerpt":{"rendered":"<p>MISSION La mission de GAIA C\u00f4te d\u2019Ivoire est d\u2019offrir aux citoyens ivoiriens une exp\u00e9rience de vie de la plus haute qualit\u00e9 \u00e0 des prix abordables. Nous souhaitons offrir un nouveau style de vie, y compris un design prim\u00e9, des installations familiales, le culte, l\u2019\u00e9ducation et le magasinage, le tout en un seul endroit. VALEURS FONDAMENTALES Les valeurs fondamentales de GAIA C\u00d4TE D\u2019IVOIRE sont entour\u00e9es de concepts simples et \u00e9prouv\u00e9s depuis longtemps, notamment\u00a0: Nous demeurons responsables de notre comportement, de nos communications et de nos actions. L\u2019\u00e9quipe de GAIA C\u00f4te d\u2019Ivoire est de classe mondiale VISION La vision de GAIA C\u00d4TE<\/p>","protected":false},"author":2,"featured_media":0,"parent":0,"menu_order":0,"comment_status":"closed","ping_status":"closed","template":"","meta":{"tpgb_global_settings":"","footnotes":""},"class_list":["post-2996","page","type-page","status-publish","hentry"],"tpgb_featured_images":null,"tpgb_post_meta_info":{"get_date":"January 12, 2023","get_modified_date":"January 12, 2023","author_name":"Bryan Cenedy","author_url":"https:\/\/gaiaci.net\/fr\/author\/bryan\/","author_email":"bryancenedy@yahoo.com","author_website":"","author_description":"","author_facebook":"","author_twitter":"","author_instagram":"","author_role":["administrator","erp_hr_manager","erp_ac_manager"],"author_firstname":"Bryan","author_lastname":"Cenedy","user_login":"Bryan","author_avatar":"<img alt='' src='https:\/\/secure.gravatar.com\/avatar\/e3c10b7f3474674715c88835f466202e239e7a93446a38bc6980f3af412f4a97?s=200&#038;d=wavatar&#038;r=g' srcset='https:\/\/secure.gravatar.com\/avatar\/e3c10b7f3474674715c88835f466202e239e7a93446a38bc6980f3af412f4a97?s=400&#038;d=wavatar&#038;r=g 2x' class='avatar avatar-200 photo' height='200' width='200' loading='lazy' decoding='async'\/>","author_avatar_url":"https:\/\/secure.gravatar.com\/avatar\/e3c10b7f3474674715c88835f466202e239e7a93446a38bc6980f3af412f4a97?s=96&d=wavatar&r=g","comment_count":0,"post_likes":0,"post_views":0},"tpgb_post_category":[],"_links":{"self":[{"href":"https:\/\/gaiaci.net\/fr\/wp-json\/wp\/v2\/pages\/2996","targetHints":{"allow":["GET"]}}],"collection":[{"href":"https:\/\/gaiaci.net\/fr\/wp-json\/wp\/v2\/pages"}],"about":[{"href":"https:\/\/gaiaci.net\/fr\/wp-json\/wp\/v2\/types\/page"}],"author":[{"embeddable":true,"href":"https:\/\/gaiaci.net\/fr\/wp-json\/wp\/v2\/users\/2"}],"replies":[{"embeddable":true,"href":"https:\/\/gaiaci.net\/fr\/wp-json\/wp\/v2\/comments?post=2996"}],"version-history":[{"count":1,"href":"https:\/\/gaiaci.net\/fr\/wp-json\/wp\/v2\/pages\/2996\/revisions"}],"predecessor-version":[{"id":2998,"href":"https:\/\/gaiaci.net\/fr\/wp-json\/wp\/v2\/pages\/2996\/revisions\/2998"}],"wp:attachment":[{"href":"https:\/\/gaiaci.net\/fr\/wp-json\/wp\/v2\/media?parent=2996"}],"curies":[{"name":"wp","href":"https:\/\/api.w.org\/{rel}","templated":true}]}}