{"id":2505,"date":"2022-10-01T09:01:29","date_gmt":"2022-10-01T09:01:29","guid":{"rendered":""},"modified":"2022-10-04T14:56:35","modified_gmt":"2022-10-04T14:56:35","slug":"location","status":"publish","type":"page","link":"https:\/\/gaiaci.net\/fr\/location\/","title":{"rendered":"LIEU"},"content":{"rendered":"<p class=\"has-extra-large-font-size\"><strong><em>LIEU<\/em><\/strong><\/p>\n\n\n\n<div class=\"wp-block-columns is-layout-flex wp-container-core-columns-is-layout-28f84493 wp-block-columns-is-layout-flex\">\n<div class=\"wp-block-column is-layout-flow wp-block-column-is-layout-flow\" style=\"flex-basis:33.33%\">\n<figure class=\"wp-block-image size-large\"><img loading=\"lazy\" decoding=\"async\" width=\"1024\" height=\"576\" src=\"https:\/\/gaiaci.net\/wp-content\/uploads\/2022\/10\/WhatsApp-Image-2022-09-26-at-6.16.44-PM-1-1024x576.jpeg\" alt=\"\" class=\"wp-image-2656\" srcset=\"https:\/\/gaiaci.net\/wp-content\/uploads\/2022\/10\/WhatsApp-Image-2022-09-26-at-6.16.44-PM-1-1024x576.jpeg 1024w, https:\/\/gaiaci.net\/wp-content\/uploads\/2022\/10\/WhatsApp-Image-2022-09-26-at-6.16.44-PM-1-300x169.jpeg 300w, https:\/\/gaiaci.net\/wp-content\/uploads\/2022\/10\/WhatsApp-Image-2022-09-26-at-6.16.44-PM-1-768x432.jpeg 768w, https:\/\/gaiaci.net\/wp-content\/uploads\/2022\/10\/WhatsApp-Image-2022-09-26-at-6.16.44-PM-1.jpeg 1080w\" sizes=\"auto, (max-width: 1024px) 100vw, 1024px\" \/><\/figure>\n<\/div>\n\n\n\n<div class=\"wp-block-column is-layout-flow wp-block-column-is-layout-flow\" style=\"flex-basis:66.66%\">\n<p class=\"has-large-font-size\"><strong><em>Situ\u00e9 dans la municipalit\u00e9 de Bingerville, secteur Elokate<\/em><\/strong><\/p>\n\n\n\n<ol class=\"has-large-font-size wp-block-list\"><li><em>1.La lagune de l\u2019Ebri\u00e9 se trouve \u00e0 la limite sud de Riyadh Cit\u00e9<\/em><\/li><li><em>2.La Cit\u00e9 Riyadh se trouve \u00e0 1 kilom\u00e8tre de la nouvelle autoroute Y4 reliant Grand-Bassam \u00e0 Abidjan en passant par Bingerville Elokate et Ebah.<\/em><\/li><li><em>3.Bingerville fait partie de la grande banlieue d\u2019Abidjan et b\u00e9n\u00e9ficie actuellement d\u2019un int\u00e9r\u00eat particulier pour les investissements et le d\u00e9veloppement en raison de sa situation g\u00e9ographique et de son importance strat\u00e9gique.<\/em><\/li><li><em>Bingerville est id\u00e9alement situ\u00e9e pour b\u00e9n\u00e9ficier de logements \u00e9conomique et \u00e0 revenu moyen<\/em><\/li><li><em>Bingerville, Elokate sector has land ideally suited for such development<\/em><\/li><li><em>La Riyadh Cit\u00e9, situ\u00e9e dans la municipalit\u00e9 de Bingerville, secteur Elokate, a \u00e9t\u00e9 choisie par GAIA C\u00d4TE D\u2019IVOIRE comme emplacement id\u00e9al pour le premier projet visant \u00e0 soutenir la politique gouvernementale de production de logements socio-\u00e9conomiques et de logements luxe<\/em><\/li><\/ol>\n\n\n\n<p class=\"has-normal-font-size\"><strong><em>Le site de l\u2019op\u00e9ration couvre une superficie totale de 28.1017 hectares avec plein droit de d\u00e9veloppement<\/em><\/strong><\/p>\n\n\n\n<div class=\"wp-block-buttons is-layout-flex wp-block-buttons-is-layout-flex\"><\/div>\n<\/div>\n<\/div>\n\n\n\n<figure class=\"wp-block-image alignwide size-large is-style-default\" id=\"aurora\"><img loading=\"lazy\" decoding=\"async\" width=\"1024\" height=\"576\" src=\"https:\/\/gaiaci.net\/wp-content\/uploads\/2022\/10\/WhatsApp-Image-2022-09-26-at-6.16.49-PM-1-1024x576.jpeg\" alt=\"\" class=\"wp-image-2672\" srcset=\"https:\/\/gaiaci.net\/wp-content\/uploads\/2022\/10\/WhatsApp-Image-2022-09-26-at-6.16.49-PM-1-1024x576.jpeg 1024w, https:\/\/gaiaci.net\/wp-content\/uploads\/2022\/10\/WhatsApp-Image-2022-09-26-at-6.16.49-PM-1-300x169.jpeg 300w, https:\/\/gaiaci.net\/wp-content\/uploads\/2022\/10\/WhatsApp-Image-2022-09-26-at-6.16.49-PM-1-768x432.jpeg 768w, https:\/\/gaiaci.net\/wp-content\/uploads\/2022\/10\/WhatsApp-Image-2022-09-26-at-6.16.49-PM-1.jpeg 1080w\" sizes=\"auto, (max-width: 1024px) 100vw, 1024px\" \/><\/figure>","protected":false},"excerpt":{"rendered":"<p>Location Located in the Municipality of Bingerville, Elokate sector. The Ebri\u00e9 lagoon is on the southern boundry of Riyadh City Riyadh City is 1 kilometre from the road that leads to Grand-Bassam via the Eloka ferry Bingerville becomes part of the greater Abidjan suburbs and is currently benefiting from specific investment and development interest due to its geographical location and strategic importance Bingerville is ideally located to benefit from social and middle-income housing Bingerville, Elokate sector has land ideally suited for such development Riyadh City, located in the Municipality of Bingerville, Elokate sector has been chosen by GAIA C\u00d4TE D\u2019IVOIRE<\/p>","protected":false},"author":2,"featured_media":0,"parent":0,"menu_order":0,"comment_status":"closed","ping_status":"closed","template":"","meta":{"tpgb_global_settings":"","footnotes":""},"class_list":["post-2505","page","type-page","status-publish","hentry"],"tpgb_featured_images":null,"tpgb_post_meta_info":{"get_date":"October 1, 2022","get_modified_date":"October 4, 2022","author_name":"Bryan Cenedy","author_url":"https:\/\/gaiaci.net\/fr\/author\/bryan\/","author_email":"bryancenedy@yahoo.com","author_website":"","author_description":"","author_facebook":"","author_twitter":"","author_instagram":"","author_role":["administrator","erp_hr_manager","erp_ac_manager"],"author_firstname":"Bryan","author_lastname":"Cenedy","user_login":"Bryan","author_avatar":"<img alt='' src='https:\/\/secure.gravatar.com\/avatar\/e3c10b7f3474674715c88835f466202e239e7a93446a38bc6980f3af412f4a97?s=200&#038;d=wavatar&#038;r=g' srcset='https:\/\/secure.gravatar.com\/avatar\/e3c10b7f3474674715c88835f466202e239e7a93446a38bc6980f3af412f4a97?s=400&#038;d=wavatar&#038;r=g 2x' class='avatar avatar-200 photo' height='200' width='200' loading='lazy' decoding='async'\/>","author_avatar_url":"https:\/\/secure.gravatar.com\/avatar\/e3c10b7f3474674715c88835f466202e239e7a93446a38bc6980f3af412f4a97?s=96&d=wavatar&r=g","comment_count":0,"post_likes":0,"post_views":0},"tpgb_post_category":[],"_links":{"self":[{"href":"https:\/\/gaiaci.net\/fr\/wp-json\/wp\/v2\/pages\/2505","targetHints":{"allow":["GET"]}}],"collection":[{"href":"https:\/\/gaiaci.net\/fr\/wp-json\/wp\/v2\/pages"}],"about":[{"href":"https:\/\/gaiaci.net\/fr\/wp-json\/wp\/v2\/types\/page"}],"author":[{"embeddable":true,"href":"https:\/\/gaiaci.net\/fr\/wp-json\/wp\/v2\/users\/2"}],"replies":[{"embeddable":true,"href":"https:\/\/gaiaci.net\/fr\/wp-json\/wp\/v2\/comments?post=2505"}],"version-history":[{"count":9,"href":"https:\/\/gaiaci.net\/fr\/wp-json\/wp\/v2\/pages\/2505\/revisions"}],"predecessor-version":[{"id":2811,"href":"https:\/\/gaiaci.net\/fr\/wp-json\/wp\/v2\/pages\/2505\/revisions\/2811"}],"wp:attachment":[{"href":"https:\/\/gaiaci.net\/fr\/wp-json\/wp\/v2\/media?parent=2505"}],"curies":[{"name":"wp","href":"https:\/\/api.w.org\/{rel}","templated":true}]}}